{"id":543,"date":"2022-08-28T14:12:21","date_gmt":"2022-08-28T12:12:21","guid":{"rendered":"http:\/\/smepoka.pl\/?page_id=543"},"modified":"2022-08-28T14:17:19","modified_gmt":"2022-08-28T12:17:19","slug":"elementor-543","status":"publish","type":"page","link":"https:\/\/smepoka.pl\/?page_id=543","title":{"rendered":"O Sp\u00f3\u0142dzielni"},"content":{"rendered":"\t\t<div data-elementor-type=\"wp-page\" data-elementor-id=\"543\" class=\"elementor elementor-543\">\n\t\t\t\t\t\t<section class=\"elementor-section elementor-top-section elementor-element elementor-element-73be796 elementor-section-boxed elementor-section-height-default elementor-section-height-default\" data-id=\"73be796\" data-element_type=\"section\" data-e-type=\"section\">\n\t\t\t\t\t\t<div class=\"elementor-container elementor-column-gap-default\">\n\t\t\t\t\t<div class=\"elementor-column elementor-col-100 elementor-top-column elementor-element elementor-element-4d79f1d\" data-id=\"4d79f1d\" data-element_type=\"column\" data-e-type=\"column\">\n\t\t\t<div class=\"elementor-widget-wrap elementor-element-populated\">\n\t\t\t\t\t\t<div class=\"elementor-element elementor-element-7166108 elementor-widget elementor-widget-text-editor\" data-id=\"7166108\" data-element_type=\"widget\" data-e-type=\"widget\" data-widget_type=\"text-editor.default\">\n\t\t\t\t<div class=\"elementor-widget-container\">\n\t\t\t\t\t\t\t\t\t<h4 class=\"MsoNormal\" style=\"text-align: justify; text-indent: 18pt;\">SM EPOKA &#8211; HISTORIA<\/h4><p class=\"MsoNormal\" style=\"font-family: Quicksand, sans-serif; text-align: justify; text-indent: 18pt;\">Sp\u00f3\u0142dzielnia Mieszkaniowa \u201eEpoka\u201d istnieje od 1996r. i znajduje si\u0119 w budynku przy ul. Limanowskiego 11 na warszawskiej Sadybie, znanej warszawiakom jako jedno z naj\u0142adniejszych sto\u0142ecznych osiedli. Nale\u017c\u0105cy do sp\u00f3\u0142dzielni budynek sk\u0142ada si\u0119 z 11 &nbsp;klatek, 145 lokali mieszkalnych z przynale\u017c\u0105cymi do nich piwnicami i &nbsp;2 gara\u017cami podziemnym oraz ze znajduj\u0105cych si\u0119 na najni\u017cszych kondygnacjach lokali us\u0142ugowych, takich jak apteka, salon fryzjerski czy gabinet stomatologiczny.<\/p><p class=\"MsoNormal\" style=\"font-family: Quicksand, sans-serif; text-align: justify; text-indent: 18pt;\">Sp\u00f3\u0142dzielnia zlokalizowana jest pod bardzo atrakcyjnym adresem, w pobli\u017cu zar\u00f3wno infrastruktury miejskiej, jak i zacisznych teren\u00f3w zielonych. W niewielkiej odleg\u0142o\u015bci od siedziby SM \u201eEpoka\u201d znajduje si\u0119 centrum handlowe Sadyba Best Mall z licznymi sklepami, kinem i punktami us\u0142ugowymi. W bezpo\u015brednim s\u0105siedztwie sp\u00f3\u0142dzielni mie\u015bci si\u0119 szko\u0142a podstawowa, a w pobli\u017cu &nbsp;r\u00f3wnie\u017c warsztat samochodowy, za\u015b w niewielkiej odleg\u0142o\u015bci liczne sklepy i punkty us\u0142ugowe. W niewielkiej odleg\u0142o\u015bci od budynku SM \u201eEpoka\u201d zlokalizowany jest przystanek autobusowy \u201eLimanowskiego\u201d, obs\u0142uguj\u0105cy liczne linie sto\u0142ecznych autobus\u00f3w, zapewniaj\u0105ce dobre po\u0142\u0105czenie komunikacyjne z reszt\u0105 miasta.<\/p><p class=\"MsoNormal\" style=\"font-family: Quicksand, sans-serif; text-align: justify; text-indent: 18pt;\">Lokalizacja sp\u00f3\u0142dzielni jest niezwykle atrakcyjna r\u00f3wnie\u017c ze wzgl\u0119du na \u015bwietnie znany mieszka\u0144com Mokotowa (i nie tylko!) punkt na mapie Sadyby \u2013 Jeziorko Czerniakowskie \u2013 kt\u00f3re znajduje si\u0119 w zasi\u0119gu kilku minut spacerem od Limanowskiego 11. Najwi\u0119kszy naturalny zbiornik wodny w Warszawie otoczony jest urokliw\u0105 przyrod\u0105, a zar\u00f3wno jezioro, jak i jego pobli\u017ce, s\u0105 chronione jako&nbsp;<a href=\"https:\/\/www.iwaw.pl\/obiekt.php?p=211660558\"><span style=\"color: windowtext;\">rezerwat przyrody<\/span><\/a>. Opr\u00f3cz tego w okolicy sp\u00f3\u0142dzielni znale\u017a\u0107 mo\u017cna szlak latarni gazowych prowadz\u0105cy przez klimatyczne sadybia\u0144skie uliczki, a tak\u017ce Skwer Ormia\u0144ski, Skwer Starszych Pan\u00f3w, fili\u0119 Muzeum Wojska Polskiego czy \u2013 osi\u0105galny zar\u00f3wno komunikacj\u0105 miejsk\u0105, jak i d\u0142u\u017cszym spacerem \u2013 efektowny Pa\u0142ac w Wilanowie i otaczaj\u0105ce go ogrody.<\/p>\t\t\t\t\t\t\t\t<\/div>\n\t\t\t\t<\/div>\n\t\t\t\t\t<\/div>\n\t\t<\/div>\n\t\t\t\t\t<\/div>\n\t\t<\/section>\n\t\t\t\t<section class=\"elementor-section elementor-top-section elementor-element elementor-element-baf5d65 elementor-section-boxed elementor-section-height-default elementor-section-height-default\" data-id=\"baf5d65\" data-element_type=\"section\" data-e-type=\"section\">\n\t\t\t\t\t\t<div class=\"elementor-container elementor-column-gap-default\">\n\t\t\t\t\t<div class=\"elementor-column elementor-col-100 elementor-top-column elementor-element elementor-element-d03c5fb\" data-id=\"d03c5fb\" data-element_type=\"column\" data-e-type=\"column\">\n\t\t\t<div class=\"elementor-widget-wrap elementor-element-populated\">\n\t\t\t\t\t\t<div class=\"elementor-element elementor-element-ee2c549 elementor-arrows-position-inside elementor-pagination-position-outside elementor-widget elementor-widget-image-carousel\" data-id=\"ee2c549\" data-element_type=\"widget\" data-e-type=\"widget\" data-settings=\"{&quot;navigation&quot;:&quot;both&quot;,&quot;autoplay&quot;:&quot;yes&quot;,&quot;pause_on_hover&quot;:&quot;yes&quot;,&quot;pause_on_interaction&quot;:&quot;yes&quot;,&quot;autoplay_speed&quot;:5000,&quot;infinite&quot;:&quot;yes&quot;,&quot;speed&quot;:500}\" data-widget_type=\"image-carousel.default\">\n\t\t\t\t<div class=\"elementor-widget-container\">\n\t\t\t\t\t\t\t<div class=\"elementor-image-carousel-wrapper swiper\" role=\"region\" aria-roledescription=\"carousel\" aria-label=\"Image Carousel\" dir=\"ltr\">\n\t\t\t<div class=\"elementor-image-carousel swiper-wrapper\" aria-live=\"off\">\n\t\t\t\t\t\t\t\t<div class=\"swiper-slide\" role=\"group\" aria-roledescription=\"slide\" aria-label=\"1 of 12\"><a data-elementor-open-lightbox=\"yes\" data-elementor-lightbox-slideshow=\"ee2c549\" data-elementor-lightbox-title=\"IMG_0060\" data-e-action-hash=\"#elementor-action%3Aaction%3Dlightbox%26settings%3DeyJpZCI6NTQyLCJ1cmwiOiJodHRwczpcL1wvc21lcG9rYS5wbFwvd3AtY29udGVudFwvdXBsb2Fkc1wvMjAyMlwvMDhcL0lNR18wMDYwLXNjYWxlZC5qcGciLCJzbGlkZXNob3ciOiJlZTJjNTQ5In0%3D\" href=\"https:\/\/smepoka.pl\/wp-content\/uploads\/2022\/08\/IMG_0060-scaled.jpg\"><figure class=\"swiper-slide-inner\"><img decoding=\"async\" class=\"swiper-slide-image\" src=\"https:\/\/smepoka.pl\/wp-content\/uploads\/2022\/08\/IMG_0060-300x200.jpg\" alt=\"IMG_0060\" \/><\/figure><\/a><\/div><div class=\"swiper-slide\" role=\"group\" aria-roledescription=\"slide\" aria-label=\"2 of 12\"><a data-elementor-open-lightbox=\"yes\" data-elementor-lightbox-slideshow=\"ee2c549\" data-elementor-lightbox-title=\"IMG_0048\" data-e-action-hash=\"#elementor-action%3Aaction%3Dlightbox%26settings%3DeyJpZCI6NTQxLCJ1cmwiOiJodHRwczpcL1wvc21lcG9rYS5wbFwvd3AtY29udGVudFwvdXBsb2Fkc1wvMjAyMlwvMDhcL0lNR18wMDQ4LXNjYWxlZC5qcGciLCJzbGlkZXNob3ciOiJlZTJjNTQ5In0%3D\" href=\"https:\/\/smepoka.pl\/wp-content\/uploads\/2022\/08\/IMG_0048-scaled.jpg\"><figure class=\"swiper-slide-inner\"><img decoding=\"async\" class=\"swiper-slide-image\" src=\"https:\/\/smepoka.pl\/wp-content\/uploads\/2022\/08\/IMG_0048-300x200.jpg\" alt=\"IMG_0048\" \/><\/figure><\/a><\/div><div class=\"swiper-slide\" role=\"group\" aria-roledescription=\"slide\" aria-label=\"3 of 12\"><a data-elementor-open-lightbox=\"yes\" data-elementor-lightbox-slideshow=\"ee2c549\" data-elementor-lightbox-title=\"IMG_0041\" data-e-action-hash=\"#elementor-action%3Aaction%3Dlightbox%26settings%3DeyJpZCI6NTQwLCJ1cmwiOiJodHRwczpcL1wvc21lcG9rYS5wbFwvd3AtY29udGVudFwvdXBsb2Fkc1wvMjAyMlwvMDhcL0lNR18wMDQxLXNjYWxlZC5qcGciLCJzbGlkZXNob3ciOiJlZTJjNTQ5In0%3D\" href=\"https:\/\/smepoka.pl\/wp-content\/uploads\/2022\/08\/IMG_0041-scaled.jpg\"><figure class=\"swiper-slide-inner\"><img decoding=\"async\" class=\"swiper-slide-image\" src=\"https:\/\/smepoka.pl\/wp-content\/uploads\/2022\/08\/IMG_0041-300x200.jpg\" alt=\"IMG_0041\" \/><\/figure><\/a><\/div><div class=\"swiper-slide\" role=\"group\" aria-roledescription=\"slide\" aria-label=\"4 of 12\"><a data-elementor-open-lightbox=\"yes\" data-elementor-lightbox-slideshow=\"ee2c549\" data-elementor-lightbox-title=\"IMG_0014\" data-e-action-hash=\"#elementor-action%3Aaction%3Dlightbox%26settings%3DeyJpZCI6NTM1LCJ1cmwiOiJodHRwczpcL1wvc21lcG9rYS5wbFwvd3AtY29udGVudFwvdXBsb2Fkc1wvMjAyMlwvMDhcL0lNR18wMDE0LXNjYWxlZC5qcGciLCJzbGlkZXNob3ciOiJlZTJjNTQ5In0%3D\" href=\"https:\/\/smepoka.pl\/wp-content\/uploads\/2022\/08\/IMG_0014-scaled.jpg\"><figure class=\"swiper-slide-inner\"><img decoding=\"async\" class=\"swiper-slide-image\" src=\"https:\/\/smepoka.pl\/wp-content\/uploads\/2022\/08\/IMG_0014-300x200.jpg\" alt=\"IMG_0014\" \/><\/figure><\/a><\/div><div class=\"swiper-slide\" role=\"group\" aria-roledescription=\"slide\" aria-label=\"5 of 12\"><a data-elementor-open-lightbox=\"yes\" data-elementor-lightbox-slideshow=\"ee2c549\" data-elementor-lightbox-title=\"IMG_0019\" data-e-action-hash=\"#elementor-action%3Aaction%3Dlightbox%26settings%3DeyJpZCI6NTM2LCJ1cmwiOiJodHRwczpcL1wvc21lcG9rYS5wbFwvd3AtY29udGVudFwvdXBsb2Fkc1wvMjAyMlwvMDhcL0lNR18wMDE5LXNjYWxlZC5qcGciLCJzbGlkZXNob3ciOiJlZTJjNTQ5In0%3D\" href=\"https:\/\/smepoka.pl\/wp-content\/uploads\/2022\/08\/IMG_0019-scaled.jpg\"><figure class=\"swiper-slide-inner\"><img decoding=\"async\" class=\"swiper-slide-image\" src=\"https:\/\/smepoka.pl\/wp-content\/uploads\/2022\/08\/IMG_0019-300x200.jpg\" alt=\"IMG_0019\" \/><\/figure><\/a><\/div><div class=\"swiper-slide\" role=\"group\" aria-roledescription=\"slide\" aria-label=\"6 of 12\"><a data-elementor-open-lightbox=\"yes\" data-elementor-lightbox-slideshow=\"ee2c549\" data-elementor-lightbox-title=\"IMG_0166\" data-e-action-hash=\"#elementor-action%3Aaction%3Dlightbox%26settings%3DeyJpZCI6NTMwLCJ1cmwiOiJodHRwczpcL1wvc21lcG9rYS5wbFwvd3AtY29udGVudFwvdXBsb2Fkc1wvMjAyMlwvMDhcL0lNR18wMTY2LXNjYWxlZC5qcGciLCJzbGlkZXNob3ciOiJlZTJjNTQ5In0%3D\" href=\"https:\/\/smepoka.pl\/wp-content\/uploads\/2022\/08\/IMG_0166-scaled.jpg\"><figure class=\"swiper-slide-inner\"><img decoding=\"async\" class=\"swiper-slide-image\" src=\"https:\/\/smepoka.pl\/wp-content\/uploads\/2022\/08\/IMG_0166-300x200.jpg\" alt=\"IMG_0166\" \/><\/figure><\/a><\/div><div class=\"swiper-slide\" role=\"group\" aria-roledescription=\"slide\" aria-label=\"7 of 12\"><a data-elementor-open-lightbox=\"yes\" data-elementor-lightbox-slideshow=\"ee2c549\" data-elementor-lightbox-title=\"IMG_0151\" data-e-action-hash=\"#elementor-action%3Aaction%3Dlightbox%26settings%3DeyJpZCI6NTI4LCJ1cmwiOiJodHRwczpcL1wvc21lcG9rYS5wbFwvd3AtY29udGVudFwvdXBsb2Fkc1wvMjAyMlwvMDhcL0lNR18wMTUxLXNjYWxlZC5qcGciLCJzbGlkZXNob3ciOiJlZTJjNTQ5In0%3D\" href=\"https:\/\/smepoka.pl\/wp-content\/uploads\/2022\/08\/IMG_0151-scaled.jpg\"><figure class=\"swiper-slide-inner\"><img decoding=\"async\" class=\"swiper-slide-image\" src=\"https:\/\/smepoka.pl\/wp-content\/uploads\/2022\/08\/IMG_0151-300x200.jpg\" alt=\"IMG_0151\" \/><\/figure><\/a><\/div><div class=\"swiper-slide\" role=\"group\" aria-roledescription=\"slide\" aria-label=\"8 of 12\"><a data-elementor-open-lightbox=\"yes\" data-elementor-lightbox-slideshow=\"ee2c549\" data-elementor-lightbox-title=\"IMG_0163\" data-e-action-hash=\"#elementor-action%3Aaction%3Dlightbox%26settings%3DeyJpZCI6NTI5LCJ1cmwiOiJodHRwczpcL1wvc21lcG9rYS5wbFwvd3AtY29udGVudFwvdXBsb2Fkc1wvMjAyMlwvMDhcL0lNR18wMTYzLXNjYWxlZC5qcGciLCJzbGlkZXNob3ciOiJlZTJjNTQ5In0%3D\" href=\"https:\/\/smepoka.pl\/wp-content\/uploads\/2022\/08\/IMG_0163-scaled.jpg\"><figure class=\"swiper-slide-inner\"><img decoding=\"async\" class=\"swiper-slide-image\" src=\"https:\/\/smepoka.pl\/wp-content\/uploads\/2022\/08\/IMG_0163-300x200.jpg\" alt=\"IMG_0163\" \/><\/figure><\/a><\/div><div class=\"swiper-slide\" role=\"group\" aria-roledescription=\"slide\" aria-label=\"9 of 12\"><a data-elementor-open-lightbox=\"yes\" data-elementor-lightbox-slideshow=\"ee2c549\" data-elementor-lightbox-title=\"IMG_0105\" data-e-action-hash=\"#elementor-action%3Aaction%3Dlightbox%26settings%3DeyJpZCI6NTIxLCJ1cmwiOiJodHRwczpcL1wvc21lcG9rYS5wbFwvd3AtY29udGVudFwvdXBsb2Fkc1wvMjAyMlwvMDhcL0lNR18wMTA1LXNjYWxlZC5qcGciLCJzbGlkZXNob3ciOiJlZTJjNTQ5In0%3D\" href=\"https:\/\/smepoka.pl\/wp-content\/uploads\/2022\/08\/IMG_0105-scaled.jpg\"><figure class=\"swiper-slide-inner\"><img decoding=\"async\" class=\"swiper-slide-image\" src=\"https:\/\/smepoka.pl\/wp-content\/uploads\/2022\/08\/IMG_0105-300x200.jpg\" alt=\"IMG_0105\" \/><\/figure><\/a><\/div><div class=\"swiper-slide\" role=\"group\" aria-roledescription=\"slide\" aria-label=\"10 of 12\"><a data-elementor-open-lightbox=\"yes\" data-elementor-lightbox-slideshow=\"ee2c549\" data-elementor-lightbox-title=\"IMG_0140\" data-e-action-hash=\"#elementor-action%3Aaction%3Dlightbox%26settings%3DeyJpZCI6NTI2LCJ1cmwiOiJodHRwczpcL1wvc21lcG9rYS5wbFwvd3AtY29udGVudFwvdXBsb2Fkc1wvMjAyMlwvMDhcL0lNR18wMTQwLXNjYWxlZC5qcGciLCJzbGlkZXNob3ciOiJlZTJjNTQ5In0%3D\" href=\"https:\/\/smepoka.pl\/wp-content\/uploads\/2022\/08\/IMG_0140-scaled.jpg\"><figure class=\"swiper-slide-inner\"><img decoding=\"async\" class=\"swiper-slide-image\" src=\"https:\/\/smepoka.pl\/wp-content\/uploads\/2022\/08\/IMG_0140-300x200.jpg\" alt=\"IMG_0140\" \/><\/figure><\/a><\/div><div class=\"swiper-slide\" role=\"group\" aria-roledescription=\"slide\" aria-label=\"11 of 12\"><a data-elementor-open-lightbox=\"yes\" data-elementor-lightbox-slideshow=\"ee2c549\" data-elementor-lightbox-title=\"IMG_0088\" data-e-action-hash=\"#elementor-action%3Aaction%3Dlightbox%26settings%3DeyJpZCI6NTE3LCJ1cmwiOiJodHRwczpcL1wvc21lcG9rYS5wbFwvd3AtY29udGVudFwvdXBsb2Fkc1wvMjAyMlwvMDhcL0lNR18wMDg4LXNjYWxlZC5qcGciLCJzbGlkZXNob3ciOiJlZTJjNTQ5In0%3D\" href=\"https:\/\/smepoka.pl\/wp-content\/uploads\/2022\/08\/IMG_0088-scaled.jpg\"><figure class=\"swiper-slide-inner\"><img decoding=\"async\" class=\"swiper-slide-image\" src=\"https:\/\/smepoka.pl\/wp-content\/uploads\/2022\/08\/IMG_0088-300x200.jpg\" alt=\"IMG_0088\" \/><\/figure><\/a><\/div><div class=\"swiper-slide\" role=\"group\" aria-roledescription=\"slide\" aria-label=\"12 of 12\"><a data-elementor-open-lightbox=\"yes\" data-elementor-lightbox-slideshow=\"ee2c549\" data-elementor-lightbox-title=\"IMG_0079\" data-e-action-hash=\"#elementor-action%3Aaction%3Dlightbox%26settings%3DeyJpZCI6NTE0LCJ1cmwiOiJodHRwczpcL1wvc21lcG9rYS5wbFwvd3AtY29udGVudFwvdXBsb2Fkc1wvMjAyMlwvMDhcL0lNR18wMDc5LXNjYWxlZC5qcGciLCJzbGlkZXNob3ciOiJlZTJjNTQ5In0%3D\" href=\"https:\/\/smepoka.pl\/wp-content\/uploads\/2022\/08\/IMG_0079-scaled.jpg\"><figure class=\"swiper-slide-inner\"><img decoding=\"async\" class=\"swiper-slide-image\" src=\"https:\/\/smepoka.pl\/wp-content\/uploads\/2022\/08\/IMG_0079-300x200.jpg\" alt=\"IMG_0079\" \/><\/figure><\/a><\/div>\t\t\t<\/div>\n\t\t\t\t\t\t\t\t\t\t\t\t<div class=\"elementor-swiper-button elementor-swiper-button-prev\" role=\"button\" tabindex=\"0\">\n\t\t\t\t\t\t<i aria-hidden=\"true\" class=\"eicon-chevron-left\"><\/i>\t\t\t\t\t<\/div>\n\t\t\t\t\t<div class=\"elementor-swiper-button elementor-swiper-button-next\" role=\"button\" tabindex=\"0\">\n\t\t\t\t\t\t<i aria-hidden=\"true\" class=\"eicon-chevron-right\"><\/i>\t\t\t\t\t<\/div>\n\t\t\t\t\n\t\t\t\t\t\t\t\t\t<div class=\"swiper-pagination\"><\/div>\n\t\t\t\t\t\t\t\t\t<\/div>\n\t\t\t\t\t\t<\/div>\n\t\t\t\t<\/div>\n\t\t\t\t\t<\/div>\n\t\t<\/div>\n\t\t\t\t\t<\/div>\n\t\t<\/section>\n\t\t\t\t<\/div>\n\t\t","protected":false},"excerpt":{"rendered":"<p>SM EPOKA &#8211; HISTORIA Sp\u00f3\u0142dzielnia Mieszkaniowa \u201eEpoka\u201d istnieje od 1996r. i znajduje si\u0119 w budynku przy ul. Limanowskiego 11 na warszawskiej Sadybie, [&hellip;]<\/p>\n","protected":false},"author":1,"featured_media":0,"parent":0,"menu_order":0,"comment_status":"closed","ping_status":"closed","template":"","meta":{"footnotes":""},"class_list":["post-543","page","type-page","status-publish","hentry"],"_links":{"self":[{"href":"https:\/\/smepoka.pl\/index.php?rest_route=\/wp\/v2\/pages\/543","targetHints":{"allow":["GET"]}}],"collection":[{"href":"https:\/\/smepoka.pl\/index.php?rest_route=\/wp\/v2\/pages"}],"about":[{"href":"https:\/\/smepoka.pl\/index.php?rest_route=\/wp\/v2\/types\/page"}],"author":[{"embeddable":true,"href":"https:\/\/smepoka.pl\/index.php?rest_route=\/wp\/v2\/users\/1"}],"replies":[{"embeddable":true,"href":"https:\/\/smepoka.pl\/index.php?rest_route=%2Fwp%2Fv2%2Fcomments&post=543"}],"version-history":[{"count":9,"href":"https:\/\/smepoka.pl\/index.php?rest_route=\/wp\/v2\/pages\/543\/revisions"}],"predecessor-version":[{"id":554,"href":"https:\/\/smepoka.pl\/index.php?rest_route=\/wp\/v2\/pages\/543\/revisions\/554"}],"wp:attachment":[{"href":"https:\/\/smepoka.pl\/index.php?rest_route=%2Fwp%2Fv2%2Fmedia&parent=543"}],"curies":[{"name":"wp","href":"https:\/\/api.w.org\/{rel}","templated":true}]}}