{"id":36,"date":"2022-01-04T20:06:58","date_gmt":"2022-01-04T19:06:58","guid":{"rendered":"https:\/\/smepoka.pl\/?page_id=36"},"modified":"2026-02-03T18:33:30","modified_gmt":"2026-02-03T17:33:30","slug":"elementor-36","status":"publish","type":"page","link":"https:\/\/smepoka.pl\/?page_id=36","title":{"rendered":""},"content":{"rendered":"\t\t<div data-elementor-type=\"wp-page\" data-elementor-id=\"36\" class=\"elementor elementor-36\">\n\t\t\t\t\t\t<section class=\"elementor-section elementor-top-section elementor-element elementor-element-5196b23 elementor-section-boxed elementor-section-height-default elementor-section-height-default\" data-id=\"5196b23\" data-element_type=\"section\" data-e-type=\"section\">\n\t\t\t\t\t\t<div class=\"elementor-container elementor-column-gap-default\">\n\t\t\t\t\t<div class=\"elementor-column elementor-col-100 elementor-top-column elementor-element elementor-element-cb8560d\" data-id=\"cb8560d\" data-element_type=\"column\" data-e-type=\"column\">\n\t\t\t<div class=\"elementor-widget-wrap elementor-element-populated\">\n\t\t\t\t\t\t<div class=\"elementor-element elementor-element-c70d727 elementor-widget elementor-widget-text-editor\" data-id=\"c70d727\" data-element_type=\"widget\" data-e-type=\"widget\" data-widget_type=\"text-editor.default\">\n\t\t\t\t<div class=\"elementor-widget-container\">\n\t\t\t\t\t\t\t\t\t<p><strong>Dane kontaktowe<\/strong>\u00a0&#8211; kontakty og\u00f3lne<\/p>\n<p><!-- \/wp:paragraph --><\/p>\n<p><!-- wp:paragraph --><\/p>\n<p><strong>Sp\u00f3\u0142dzielnia Mieszkaniowa &#8220;Epoka&#8221;<\/strong><br \/>ul. Limanowskiego 11\u00a0<a href=\"http:\/\/test.itnf.pl\/?page_id=44\/#bott_anch\">(DOJAZD)\u00a0<\/a><br \/>02-943 Warszawa<br \/>tel.\/fax 22 651 95 51,<br \/>mail:\u00a0<a href=\"mailto:biuro1@smepoka.pl\">biuro1@smepoka.pl<\/a>,<\/p>\n<p><strong>Konto bankowe w BNP PARIBAS<\/strong><br \/>88 2030 0045 1110 0000 0242 6140 (wp\u0142aty do 15 ka\u017cdego miesi\u0105ca)<\/p>\n<p><!-- \/wp:paragraph --><\/p>\n<p><!-- wp:paragraph --><\/p>\n<p>Kontakt z\u00a0<strong>Biurem Sp\u00f3\u0142dzielni<\/strong>:<\/p>\n<p><span style=\"letter-spacing: 0px;\">Administracja zaprasza codziennie w godzinach podanych poni\u017cej:<\/span><\/p>\n<p>poniedzia\u0142ek &#8211; 8<sup>00<\/sup>\u00a0&#8211; 16<sup>00<\/sup><br \/>wtorek &#8211; 8<sup>00<\/sup>\u00a0&#8211; 16<sup>00<\/sup><br \/>\u015broda &#8211; 10<sup>00<\/sup> &#8211; 18<sup>00 <\/sup><br \/>czwartek &#8211; 8<sup>00<\/sup>\u00a0&#8211; 16<sup>00<\/sup><br \/>pi\u0105tek &#8211; 8<sup>00<\/sup>\u00a0&#8211; 16<sup>00<\/sup><\/p>\n<p>i pod nr\u00a0<span style=\"letter-spacing: 0px;\">tel. 22 651 95 51<\/span><\/p>\n<p>Ksi\u0119gowo\u015b\u0107:\u00a0<\/p>\n<p>tel. 723 667 112<\/p>\n<p>email: <a href=\"mailto:ksiegowosc@admin-firma.pl\">ksiegowosc@admin-firma.pl<\/a><\/p>\n<p>Prezes Zarz\u0105du SM Epoka przyjmuje cz\u0142onk\u00f3w sp\u00f3\u0142dzielni:<\/p>\n<p>wtorek 17<sup>30<\/sup>-20<sup>00<\/sup>\u00a0<\/p>\n<p>\u015broda\u00a0<span style=\"letter-spacing: 0px;\">8<\/span><span style=\"letter-spacing: 0px; font-size: 11.25px; line-height: 0; position: relative; vertical-align: baseline; top: -0.5em;\">30<\/span><span style=\"letter-spacing: 0px;\">-10<\/span><span style=\"letter-spacing: 0px; font-size: 11.25px; line-height: 0; position: relative; vertical-align: baseline; top: -0.5em;\">30<\/span><\/p>\n<p>Cz\u0142onek Zarz\u0105du SM Epoka przyjmuje cz\u0142onk\u00f3w Sp\u00f3\u0142dzielni:<\/p>\n<p>czwartek 15<span style=\"font-size: 11.25px; line-height: 0; position: relative; vertical-align: baseline; top: -0.5em;\">30<\/span>-17<span style=\"font-size: 11.25px; line-height: 0; position: relative; vertical-align: baseline; top: -0.5em;\">30<\/span>\u00a0<\/p>\n<p>\u00a0<\/p>\n<p><!-- \/wp:paragraph --><\/p>\n<p><!-- wp:button {\"borderRadius\":8,\"align\":\"left\",\"className\":\"is-style-outline\"} --><\/p>\n<p><!-- \/wp:button --><\/p>\n<p><!-- wp:paragraph --><\/p>\n<p><!-- \/wp:paragraph --><\/p>\t\t\t\t\t\t\t\t<\/div>\n\t\t\t\t<\/div>\n\t\t\t\t\t<\/div>\n\t\t<\/div>\n\t\t\t\t\t<\/div>\n\t\t<\/section>\n\t\t\t\t<section class=\"elementor-section elementor-top-section elementor-element elementor-element-9815009 elementor-section-boxed elementor-section-height-default elementor-section-height-default\" data-id=\"9815009\" data-element_type=\"section\" data-e-type=\"section\">\n\t\t\t\t\t\t<div class=\"elementor-container elementor-column-gap-default\">\n\t\t\t\t\t<div class=\"elementor-column elementor-col-100 elementor-top-column elementor-element elementor-element-3247fd4\" data-id=\"3247fd4\" data-element_type=\"column\" data-e-type=\"column\">\n\t\t\t<div class=\"elementor-widget-wrap elementor-element-populated\">\n\t\t\t\t\t\t<div class=\"elementor-element elementor-element-1ebdd76 elementor-widget elementor-widget-button\" data-id=\"1ebdd76\" data-element_type=\"widget\" data-e-type=\"widget\" data-widget_type=\"button.default\">\n\t\t\t\t<div class=\"elementor-widget-container\">\n\t\t\t\t\t\t\t\t\t<div class=\"elementor-button-wrapper\">\n\t\t\t\t\t<a class=\"elementor-button elementor-button-link elementor-size-sm\" href=\"#\" id=\"morde_contacts\">\n\t\t\t\t\t\t<span class=\"elementor-button-content-wrapper\">\n\t\t\t\t\t\t\t\t\t<span class=\"elementor-button-text\">Wi\u0119cej kontakt\u00f3w<\/span>\n\t\t\t\t\t<\/span>\n\t\t\t\t\t<\/a>\n\t\t\t\t<\/div>\n\t\t\t\t\t\t\t\t<\/div>\n\t\t\t\t<\/div>\n\t\t\t\t\t<\/div>\n\t\t<\/div>\n\t\t\t\t\t<\/div>\n\t\t<\/section>\n\t\t\t\t<section class=\"elementor-section elementor-top-section elementor-element elementor-element-7d9e23e elementor-section-boxed elementor-section-height-default elementor-section-height-default\" data-id=\"7d9e23e\" data-element_type=\"section\" data-e-type=\"section\">\n\t\t\t\t\t\t<div class=\"elementor-container elementor-column-gap-default\">\n\t\t\t\t\t<div class=\"elementor-column elementor-col-100 elementor-top-column elementor-element elementor-element-4797458\" data-id=\"4797458\" data-element_type=\"column\" data-e-type=\"column\">\n\t\t\t<div class=\"elementor-widget-wrap elementor-element-populated\">\n\t\t\t\t\t\t<div class=\"elementor-element elementor-element-d5a2ee2 elementor-widget elementor-widget-google_maps\" data-id=\"d5a2ee2\" data-element_type=\"widget\" data-e-type=\"widget\" data-widget_type=\"google_maps.default\">\n\t\t\t\t<div class=\"elementor-widget-container\">\n\t\t\t\t\t\t\t<div class=\"elementor-custom-embed\">\n\t\t\t<iframe loading=\"lazy\"\n\t\t\t\t\tsrc=\"https:\/\/maps.google.com\/maps?q=warszawa%20limanowskiego%2011&#038;t=m&#038;z=15&#038;output=embed&#038;iwloc=near\"\n\t\t\t\t\ttitle=\"warszawa limanowskiego 11\"\n\t\t\t\t\taria-label=\"warszawa limanowskiego 11\"\n\t\t\t><\/iframe>\n\t\t<\/div>\n\t\t\t\t\t\t<\/div>\n\t\t\t\t<\/div>\n\t\t\t\t\t<\/div>\n\t\t<\/div>\n\t\t\t\t\t<\/div>\n\t\t<\/section>\n\t\t\t\t<\/div>\n\t\t","protected":false},"excerpt":{"rendered":"<p>Dane kontaktowe\u00a0&#8211; kontakty og\u00f3lne Sp\u00f3\u0142dzielnia Mieszkaniowa &#8220;Epoka&#8221;ul. Limanowskiego 11\u00a0(DOJAZD)\u00a002-943 Warszawatel.\/fax 22 651 95 51,mail:\u00a0biuro1@smepoka.pl, Konto bankowe w BNP PARIBAS88 2030 0045 1110 [&hellip;]<\/p>\n","protected":false},"author":1,"featured_media":0,"parent":0,"menu_order":0,"comment_status":"closed","ping_status":"closed","template":"elementor_header_footer","meta":{"footnotes":""},"class_list":["post-36","page","type-page","status-publish","hentry"],"_links":{"self":[{"href":"https:\/\/smepoka.pl\/index.php?rest_route=\/wp\/v2\/pages\/36","targetHints":{"allow":["GET"]}}],"collection":[{"href":"https:\/\/smepoka.pl\/index.php?rest_route=\/wp\/v2\/pages"}],"about":[{"href":"https:\/\/smepoka.pl\/index.php?rest_route=\/wp\/v2\/types\/page"}],"author":[{"embeddable":true,"href":"https:\/\/smepoka.pl\/index.php?rest_route=\/wp\/v2\/users\/1"}],"replies":[{"embeddable":true,"href":"https:\/\/smepoka.pl\/index.php?rest_route=%2Fwp%2Fv2%2Fcomments&post=36"}],"version-history":[{"count":72,"href":"https:\/\/smepoka.pl\/index.php?rest_route=\/wp\/v2\/pages\/36\/revisions"}],"predecessor-version":[{"id":1149,"href":"https:\/\/smepoka.pl\/index.php?rest_route=\/wp\/v2\/pages\/36\/revisions\/1149"}],"wp:attachment":[{"href":"https:\/\/smepoka.pl\/index.php?rest_route=%2Fwp%2Fv2%2Fmedia&parent=36"}],"curies":[{"name":"wp","href":"https:\/\/api.w.org\/{rel}","templated":true}]}}