{"id":302,"date":"2022-04-18T21:43:16","date_gmt":"2022-04-18T19:43:16","guid":{"rendered":"http:\/\/smepoka.pl\/?page_id=302"},"modified":"2022-05-07T11:46:49","modified_gmt":"2022-05-07T09:46:49","slug":"mokotow-co-gdzie-kiedy","status":"publish","type":"page","link":"https:\/\/smepoka.pl\/?page_id=302","title":{"rendered":"Mokot\u00f3w co? gdzie? Kiedy?"},"content":{"rendered":"\t\t<div data-elementor-type=\"wp-page\" data-elementor-id=\"302\" class=\"elementor elementor-302\">\n\t\t\t\t\t\t<section class=\"elementor-section elementor-top-section elementor-element elementor-element-657ed83 elementor-section-boxed elementor-section-height-default elementor-section-height-default\" data-id=\"657ed83\" data-element_type=\"section\" data-e-type=\"section\">\n\t\t\t\t\t\t<div class=\"elementor-container elementor-column-gap-default\">\n\t\t\t\t\t<div class=\"elementor-column elementor-col-100 elementor-top-column elementor-element elementor-element-bf05dcc\" data-id=\"bf05dcc\" data-element_type=\"column\" data-e-type=\"column\">\n\t\t\t<div class=\"elementor-widget-wrap elementor-element-populated\">\n\t\t\t\t\t\t<div class=\"elementor-element elementor-element-150d669 elementor-widget elementor-widget-text-editor\" data-id=\"150d669\" data-element_type=\"widget\" data-e-type=\"widget\" data-widget_type=\"text-editor.default\">\n\t\t\t\t<div class=\"elementor-widget-container\">\n\t\t\t\t\t\t\t\t\t<p>Zapraszamy\u00a0na<strong>\u00a0VII Festiwal Grzesiuka! 8 maja, Park Sielecki przy ul. Che\u0142mskiej 23\u00a0<\/strong><strong>\u00a0 8 maja 2022<\/strong><\/p><p>\u00a0<\/p><p>Organizatorzy tradycyjnie ju\u017c przygotowali wiele atrakcji. B\u0119d\u0105 spektakle, wystawa plenerowa, warsztaty artystyczne, r\u0119kodzie\u0142o, animacje dla ca\u0142ych rodzin. W\u015br\u00f3d publiczno\u015bci przechadza\u0107 si\u0119 b\u0119d\u0105 szczudlarze i animatorzy. Nie zabraknie tak\u017ce warszawskich potraw. Natomiast wszyscy g\u0142odni wiedzy na temat Dzielnicy b\u0119d\u0105 mogli uczestniczy\u0107 w spacerze po Sielcach z Halin\u0105 Niemiec \u2013 historyczk\u0105 i varsavianistk\u0105, mieszkank\u0105 Mokotowa, przed kt\u00f3r\u0105 Sielce nie maj\u0105 \u017cadnych tajemnic. Z kolei osoby spragnione przyg\u00f3d, kt\u00f3re chc\u0105 uwik\u0142a\u0107 si\u0119 w pewn\u0105 histori\u0119, pod\u0105\u017cy\u0107 \u015bladami ferajny i rozwi\u0105za\u0107 zagadk\u0119, zapraszamy do udzia\u0142u w grze miejskiej \u201e\u015aladami Ferajny 3.0\u201d.<\/p><p>\u00a0<\/p><p>Jednak podczas Festiwalu Grzesiuka kluczow\u0105 rol\u0119 odgrywa muzyka. Na scenie w odb\u0119dzie si\u0119 Konkurs Piosenki z Ulicy, a od godziny 15.30 przewidziane s\u0105 wyst\u0119py zespo\u0142\u00f3w: Kapiszony, Maciejowa Kapela, Orkiestra Taneczna Bonanza. W bloku koncertowym odb\u0119dzie si\u0119 tak\u017ce warsztat taneczny, aby publiczno\u015b\u0107 mog\u0142a nieco podszkoli\u0107 kroki do warszawskich tang i walczyk\u00f3w. Na zako\u0144czenie wyst\u0105pi Justyna Jary i Alegancka Kapela. Muzycy otrzymali w tym roku nagrod\u0119 \u201eArtysty roku\u201d w plebiscycie Warsaw Tribute.<\/p><p>\u00a0<\/p><p>Przydadz\u0105 si\u0119 wyglancowane, wygodne buty, u\u015bmiech i dobry humor. Niech muzyka z\u0142agodzi to co z\u0142e.<\/p><h3>\u00a0<\/h3><h3>Program Festiwalu:<\/h3><ul><li>\u00a0 \u00a0 \u00a0\u00a011:00 otwarcie Festiwalu<\/li><li>\u00a0 \u00a0 \u00a0\u00a011:15 \u201eZagubiona mandolina, czyli rzecz o Sta\u015bku Grzesiuku\u201d \u2013 spektakl Teatru Baza dla dzieci<\/li><li>\u00a0 \u00a0 \u00a0\u00a012:00 -16:00 animacje dla dzieci i rodzin<\/li><li>\u00a0 \u00a0 \u00a0\u00a012:00 spacer po Sielcach z Halin\u0105 Niemiec | obowi\u0105zuj\u0105 zapisy: <a href=\"mailto:rezerwacje@teatrbaza.pl\">rezerwacje@teatrbaza.pl<\/a><\/li><li>\u00a0 \u00a0 \u00a0\u00a012:00 konkurs Piosenki z Ulicy<\/li><li>\u00a0 \u00a0 \u00a0\u00a013:30 gra miejska \u015aladami Ferajny 3.0 | obowi\u0105zuj\u0105 zapisy: <a href=\"mailto:ola@teatrbaza.pl\">ola@teatrbaza.pl<\/a><\/li><li>\u00a0 \u00a0 \u00a0\u00a014:00 \u201eNa marginesie\u201d \u2013 spektakl Teatru Baza na podstawie prozy Stanis\u0142awa Grzesiuka<\/li><\/ul><h3>\u00a0<\/h3><h3>Koncerty:<\/h3><ul><li>\u00a0 \u00a0 \u00a0\u00a015:30 Kapiszony<\/li><li>\u00a0 \u00a0 \u00a0\u00a016:30 Maciejowa Kapela<\/li><li>\u00a0 \u00a0 \u00a0\u00a018:00 warsztat ta\u0144ca<\/li><li>\u00a0 \u00a0 \u00a0\u00a018:30 Orkiestra Taneczna Bonanza<\/li><li>\u00a0 \u00a0 \u00a0\u00a020:00 Justyna Jary i Alegancka Kapela<\/li><\/ul><p>\u00a0<\/p><p>Burmistrz Dzielnicy Mokot\u00f3w Rafa\u0142 Miastowski, Teatr Baza oraz Partnerstwo dla Mokotowa \u201cMoje Sielce\u201d serdecznie zapraszaj\u0105!<\/p><p>Szczeg\u00f3\u0142y na: <a href=\"http:\/\/festiwalgrzesiuka.pl\/\">http:\/\/festiwalgrzesiuka.pl\/<\/a>,<a href=\"https:\/\/www.facebook.com\/festiwalgrzesiuka\">https:\/\/www.facebook.com\/festiwalgrzesiuka<\/a><\/p><p><img decoding=\"async\" class=\"alignnone size-medium wp-image-369\" src=\"https:\/\/smepoka.pl\/wp-content\/uploads\/2022\/05\/grzesiuk-300x157.jpg\" alt=\"\" width=\"300\" height=\"157\" srcset=\"https:\/\/smepoka.pl\/wp-content\/uploads\/2022\/05\/grzesiuk-300x157.jpg 300w, https:\/\/smepoka.pl\/wp-content\/uploads\/2022\/05\/grzesiuk-230x120.jpg 230w, https:\/\/smepoka.pl\/wp-content\/uploads\/2022\/05\/grzesiuk-350x183.jpg 350w, https:\/\/smepoka.pl\/wp-content\/uploads\/2022\/05\/grzesiuk-480x251.jpg 480w, https:\/\/smepoka.pl\/wp-content\/uploads\/2022\/05\/grzesiuk.jpg 560w\" sizes=\"(max-width: 300px) 100vw, 300px\" \/><\/p><p>\u00a0<\/p>\t\t\t\t\t\t\t\t<\/div>\n\t\t\t\t<\/div>\n\t\t\t\t\t<\/div>\n\t\t<\/div>\n\t\t\t\t\t<\/div>\n\t\t<\/section>\n\t\t\t\t<section class=\"elementor-section elementor-top-section elementor-element elementor-element-da2534e elementor-section-boxed elementor-section-height-default elementor-section-height-default\" data-id=\"da2534e\" data-element_type=\"section\" data-e-type=\"section\">\n\t\t\t\t\t\t<div class=\"elementor-container elementor-column-gap-default\">\n\t\t\t\t\t<div class=\"elementor-column elementor-col-100 elementor-top-column elementor-element elementor-element-750ee66\" data-id=\"750ee66\" data-element_type=\"column\" data-e-type=\"column\">\n\t\t\t<div class=\"elementor-widget-wrap elementor-element-populated\">\n\t\t\t\t\t\t<div class=\"elementor-element elementor-element-ba4f22f elementor-widget-divider--view-line elementor-widget elementor-widget-divider\" data-id=\"ba4f22f\" data-element_type=\"widget\" data-e-type=\"widget\" data-widget_type=\"divider.default\">\n\t\t\t\t<div class=\"elementor-widget-container\">\n\t\t\t\t\t\t\t<div class=\"elementor-divider\">\n\t\t\t<span class=\"elementor-divider-separator\">\n\t\t\t\t\t\t<\/span>\n\t\t<\/div>\n\t\t\t\t\t\t<\/div>\n\t\t\t\t<\/div>\n\t\t\t\t\t<\/div>\n\t\t<\/div>\n\t\t\t\t\t<\/div>\n\t\t<\/section>\n\t\t\t\t<section class=\"elementor-section elementor-top-section elementor-element elementor-element-8637b9c elementor-section-boxed elementor-section-height-default elementor-section-height-default\" data-id=\"8637b9c\" data-element_type=\"section\" data-e-type=\"section\">\n\t\t\t\t\t\t<div class=\"elementor-container elementor-column-gap-default\">\n\t\t\t\t\t<div class=\"elementor-column elementor-col-100 elementor-top-column elementor-element elementor-element-517476f\" data-id=\"517476f\" data-element_type=\"column\" data-e-type=\"column\">\n\t\t\t<div class=\"elementor-widget-wrap elementor-element-populated\">\n\t\t\t\t\t\t<div class=\"elementor-element elementor-element-123c6ba elementor-widget elementor-widget-text-editor\" data-id=\"123c6ba\" data-element_type=\"widget\" data-e-type=\"widget\" data-widget_type=\"text-editor.default\">\n\t\t\t\t<div class=\"elementor-widget-container\">\n\t\t\t\t\t\t\t\t\t<p><strong>Mokot\u00f3w &#8211; kalendarium wydarze\u0144 kulturalnych w dniach 11 kwietnia &#8211; 17 kwietnia 2022<\/strong><\/p><ol><li>lokalizacja:<strong>\u00a0Centrum \u0141OWICKA, ul. \u0141owicka 21<\/strong><\/li><\/ol><p><strong>12 kwietnia (wtorek) godz. 12.00 &#8211; 15.00 KLUB SENIORA \u00a0OGRODOWE SPOTKANIA KLUBOWE<\/strong><\/p><p><em>Miejsce &#8211; ul. J. Kulskiego 5 \u00a0&#8211; ogr\u00f3dki \u00a0dzia\u0142kowe\u00a0<\/em><\/p><p>zbi\u00f3rka przed wej\u015bciem na dzia\u0142ki<\/p><p>wst\u0119p wolny<\/p><p><strong>13 kwietnia (\u015broda) PRZETWARZANIE, CZYLI Z PARKU DO GALERII.<\/strong><\/p><p>Rozpocz\u0119cie projektu finansowanego z Funduszu Edukacji Kulturalnej m.st. Warszawy<\/p><p>Grupa zamkni\u0119ta<\/p><p>Projekt skierowany jest do uczestnik\u00f3w Warsztat\u00f3w Terapii Zaj\u0119ciowej \u201eAGIS\u201d, kt\u00f3rzy podczas wsp\u00f3lnych spacer\u00f3w przyrodniczych skorelowanych z porami roku poznaj\u0105 miejskie \u017cycie ro\u015blin i zwierz\u0105t. Spostrze\u017cenia i zdobyt\u0105 wiedz\u0119 przetworz\u0105 podczas warsztat\u00f3w w prace plastyczne i zbuduj\u0105 makiety park\u00f3w, kt\u00f3re podczas fina\u0142u w grudniu zostan\u0105 pokazane na wystawie w Galerii Centrum. Podczas projektu powstanie r\u00f3wnie\u017c gra memory oparta o prace plastyczne uczestnik\u00f3w.<\/p><p>Prowadz\u0105cy spacery: Stanis\u0142aw \u0141ubie\u0144ski, pisarz, przyrodnik, mi\u0142o\u015bnik ptak\u00f3w oraz Igor Siedlecki: \u00a0entomolog. Wsp\u00f3\u0142tw\u00f3rcy Akademii Dzikiej Ochoty &#8211;<a href=\"https:\/\/www.facebook.com\/akademiadzikiejochoty\">https:\/\/www.facebook.com\/akademiadzikiejochoty<\/a><\/p><p><strong>13 kwietnia (\u015broda) godz.18.00<\/strong> <strong>FIO\u0141Y, BZIKI, PASJE Wyspa Wielkanocna &#8211; podr\u00f3\u017c na koniec \u015bwiata. Spotkanie z Markiem \u0141asiszem.<\/strong><\/p><p>wst\u0119p wolny<\/p><p>Trzysta lat temu pierwsi Europejczycy zobaczyli wybrze\u017ce nieznanej wyspy. Zamieszkiwa\u0142 j\u0105 odizolowany od \u015bwiata lud, kt\u00f3ry tworzy\u0142 unikalne dzie\u0142a sztuki \u2014 ogromne kamienne pos\u0105gi. Jak powstawa\u0142y, jak by\u0142y transportowane? Te i inne pytania zadawali sobie pierwsi odkrywcy oraz ca\u0142e pokolenia badaczy. Dzi\u015b wiemy znacznie wi\u0119cej o tej zagubionej w\u015br\u00f3d fal oceanu wyspie. Czy naprawd\u0119 ma ona jeszcze przed nami jakie\u015b tajemnice?<\/p><p><strong>Marek \u0141asisz<\/strong> uko\u0144czy\u0142 z wyr\u00f3\u017cnieniem archeologi\u0119 na Uniwersytecie Warszawskim i kulturoznawstwo na Uniwersytecie Jagiello\u0144skim. Pracowa\u0142 na wykopaliskach archeologicznych w Polsce i w Peru. Zawodowo zajmuje si\u0119 popularyzacj\u0105 wiedzy, realizuj\u0105c wyk\u0142ady naukowe i prelekcje podr\u00f3\u017cnicze. Jest autorem powie\u015bci przygodowych &#8220;Dom wilka&#8221; i &#8220;Fenomen&#8221; oraz ksi\u0105\u017cki &#8220;Wyspa Wielkanocna. Podr\u00f3\u017c na koniec \u015bwiata&#8221;.<\/p><p>\u00a0<\/p><ol start=\"2\"><li>\u00a0 \u00a0 \u00a0 lokalizacja:<strong>Dom Kultury KADR, ul. Rzymowskiego 32<\/strong><\/li><\/ol><p><strong>14 kwietnia 2022 r. (czwartek), godz. 19.00 FILMOWA PREMIERA MIESI\u0104CA: Drive My Car<\/strong><\/p><p><a href=\"https:\/\/www.youtube.com\/watch?v=wkKvD5sOLBE\">https:\/\/www.youtube.com\/watch?v=wkKvD5sOLBE<\/a><\/p><p>W zaledwie kilka miesi\u0119cy od \u015bwiatowej premiery \u201eDrive My Car\u201d sta\u0142 si\u0119 ju\u017c filmowym fenomenem, kt\u00f3ry podbija \u015bwiat. Trzy nagrody na Festiwalu w Cannes, w tym za najlepszy scenariusz, Z\u0142oty Glob dla najlepszego filmu nieangloj\u0119zycznego, niemal pewny Oscar dla najlepszego filmu mi\u0119dzynarodowego oraz nominacja w g\u0142\u00f3wnej kategorii \u2013 to tylko kilka z wielu laur\u00f3w, jakie ten poruszaj\u0105cy, misterny dramat zdoby\u0142 do tej pory.\u00a0<\/p><p>Film\u00a0Ry\u016bsuke Hamaguchiego to mistrzowska ekranizacja opowiadania Harukiego Murakamiego z tomu \u201eM\u0119\u017cczy\u017ani bez kobiet\u201d. Japo\u0144ski re\u017cyser zabiera nas w filmow\u0105 przeja\u017cd\u017ck\u0119 legendarnym czerwonym Saabem 900 Turbo, podczas kt\u00f3rej nie ogranicza si\u0119 do doskona\u0142ego przek\u0142adu na j\u0119zyk kina tajemniczej, uwodzicielskiej aury ksi\u0105\u017cek Murakamiego. Hamaguchi rozwija zaczerpni\u0119t\u0105 z nich histori\u0119, tworz\u0105c na jej bazie w\u0142asn\u0105 opowie\u015b\u0107 o sekretach, zdradzie, wychodzeniu z \u017cyciowych r\u00f3l, i o m\u0119\u017cczy\u017anie, kt\u00f3ry kogo\u015b straci\u0142.<\/p><p>Y\u016bsuke (Hidetoshi Nishijima) jest aktorem i re\u017cyserem teatralnym, a jego \u017cona, Oto (Reika Krishima), telewizyjn\u0105 scenarzystk\u0105, kt\u00f3ra lubi opowiada\u0107 historie tak\u017ce w \u0142\u00f3\u017cku \u2013 cho\u0107 te scenariusze ocenzurowa\u0142aby ka\u017cda stacja. \u0141\u0105cz\u0105ca ich wi\u0119\u017a wydaje si\u0119 g\u0142\u0119boka \u2013 do momentu gdy Oto niespodziewanie umiera, pozostawiaj\u0105c po sobie wiele tajemnic. Pogr\u0105\u017cony w smutku Y\u016bsuke \u00a0wyje\u017cd\u017ca do Hiroszimy, by tam re\u017cyserowa\u0107 w teatrze \u201eWujaszka Wani\u0119\u201d, w kt\u00f3rym g\u0142\u00f3wn\u0105 rol\u0119 dostaje m\u0142ody aktor, K\u014dji (Masaki Okada). K\u014dji zna\u0142 Oto i zna odpowiedzi na dr\u0119cz\u0105ce m\u0119\u017ca pytania. Czy jednak Y\u016bsuke zdob\u0119dzie si\u0119 na konfrontacj\u0119 z m\u0119\u017cczyzn\u0105, z kt\u00f3rym by\u0107 mo\u017ce zdradza\u0142a go \u017cona? Jej obecno\u015b\u0107 jest w pi\u0119knym, \u0142agodnym, melancholijnym filmie stale wyczuwalna: Y\u016bsuke puszcza bowiem w aucie kasety z czytanymi przez ni\u0105 fragmentami \u201eWujaszka Wani\u201d. Za kierownic\u0105 jego dopieszczonego Saaba siada wynaj\u0119ta przez teatr szoferka, Misaki (T\u014dko Miura), kt\u00f3rej milczenie skrywa wspomnienie dawnej tragedii. Prowadzone przez ni\u0105 auto staje si\u0119 konfesjona\u0142em dla wszystkich bohater\u00f3w, a poczynione w nim wyznania przynios\u0105 nie tylko ulg\u0119 i spok\u00f3j, ale tak\u017ce pozwol\u0105 stworzy\u0107 samotnikom nowe wi\u0119zi.<\/p><p>Hamaguchi z zachwytem przygl\u0105da si\u0119 \u017cyciu, w kt\u00f3rym ludzkie losy krzy\u017cuj\u0105 si\u0119, pl\u0105cz\u0105 i prostuj\u0105, jak boczne drogi, miejskie ulice i estakady autostrad. Cho\u0107 \u201eDrive My Car\u201d wiezie pot\u0119\u017cny emocjonalny \u0142adunek, to re\u017cyser trzyma kierownic\u0119 tak pewn\u0105 r\u0119k\u0105, \u017ce \u2013 jak mawia g\u0142\u00f3wny bohater \u2013 \u201eprawie nie czujemy grawitacji\u201d. Opowiadaj\u0105cy z niebywa\u0142\u0105 lekko\u015bci\u0105 o samotno\u015bci i traumie, pe\u0142en czu\u0142o\u015bci dla swoich kruchych bohater\u00f3w, pozwalaj\u0105cy im do\u015bwiadczy\u0107 blisko\u015bci, kt\u00f3r\u0105 i my czujemy si\u0119 obdarowani, Ry\u016bsuke Hamaguchi wyrasta nie tylko na godnego nast\u0119pc\u0119 japo\u0144skich mistrz\u00f3w pokroju Ozu, ale i na jednego z najwa\u017cniejszych artyst\u00f3w \u015bwiatowego kina.\u00a0<\/p><p><br \/>Re\u017cyser: Ry\u016bsuke Hamaguchi<br \/>Wyst\u0119puj\u0105: Hidetoshi Nishijima, T\u014dko Miura,<br \/>Reika Kirishima<br \/>Kraj produkcji: Japonia<br \/>Rok produkcji: 2021<br \/>J\u0119zyk oryginalny: japo\u0144ski<br \/>Gatunek: dramat<br \/>Czas: 179 min.<\/p><p>sala: Broadway<\/p><p>wst\u0119p: 15\/20 z\u0142, kup bilet <a href=\"https:\/\/biletyna.pl\/film\/Filmowa-Premiera-Miesiaca-Drive-My-Car\/Warszawa\">\u00a0online<\/a> lub w DK Kadr<\/p><p><a href=\"https:\/\/www.dkkadr.waw.pl\/drive-my-car\/\">https:\/\/www.dkkadr.waw.pl\/drive-my-car\/<\/a><\/p>\t\t\t\t\t\t\t\t<\/div>\n\t\t\t\t<\/div>\n\t\t\t\t\t<\/div>\n\t\t<\/div>\n\t\t\t\t\t<\/div>\n\t\t<\/section>\n\t\t\t\t<section class=\"elementor-section elementor-top-section elementor-element elementor-element-e2cff57 elementor-section-boxed elementor-section-height-default elementor-section-height-default\" data-id=\"e2cff57\" data-element_type=\"section\" data-e-type=\"section\">\n\t\t\t\t\t\t<div class=\"elementor-container elementor-column-gap-default\">\n\t\t\t\t\t<div class=\"elementor-column elementor-col-100 elementor-top-column elementor-element elementor-element-33a74f5\" data-id=\"33a74f5\" data-element_type=\"column\" data-e-type=\"column\">\n\t\t\t<div class=\"elementor-widget-wrap elementor-element-populated\">\n\t\t\t\t\t\t<div class=\"elementor-element elementor-element-9840749 elementor-widget-divider--view-line elementor-widget elementor-widget-divider\" data-id=\"9840749\" data-element_type=\"widget\" data-e-type=\"widget\" data-widget_type=\"divider.default\">\n\t\t\t\t<div class=\"elementor-widget-container\">\n\t\t\t\t\t\t\t<div class=\"elementor-divider\">\n\t\t\t<span class=\"elementor-divider-separator\">\n\t\t\t\t\t\t<\/span>\n\t\t<\/div>\n\t\t\t\t\t\t<\/div>\n\t\t\t\t<\/div>\n\t\t\t\t\t<\/div>\n\t\t<\/div>\n\t\t\t\t\t<\/div>\n\t\t<\/section>\n\t\t\t\t<\/div>\n\t\t","protected":false},"excerpt":{"rendered":"<p>Zapraszamy\u00a0na\u00a0VII Festiwal Grzesiuka! 8 maja, Park Sielecki przy ul. Che\u0142mskiej 23\u00a0\u00a0 8 maja 2022 \u00a0 Organizatorzy tradycyjnie ju\u017c przygotowali wiele atrakcji. B\u0119d\u0105 [&hellip;]<\/p>\n","protected":false},"author":1,"featured_media":0,"parent":0,"menu_order":0,"comment_status":"closed","ping_status":"closed","template":"","meta":{"footnotes":""},"class_list":["post-302","page","type-page","status-publish","hentry"],"_links":{"self":[{"href":"https:\/\/smepoka.pl\/index.php?rest_route=\/wp\/v2\/pages\/302","targetHints":{"allow":["GET"]}}],"collection":[{"href":"https:\/\/smepoka.pl\/index.php?rest_route=\/wp\/v2\/pages"}],"about":[{"href":"https:\/\/smepoka.pl\/index.php?rest_route=\/wp\/v2\/types\/page"}],"author":[{"embeddable":true,"href":"https:\/\/smepoka.pl\/index.php?rest_route=\/wp\/v2\/users\/1"}],"replies":[{"embeddable":true,"href":"https:\/\/smepoka.pl\/index.php?rest_route=%2Fwp%2Fv2%2Fcomments&post=302"}],"version-history":[{"count":7,"href":"https:\/\/smepoka.pl\/index.php?rest_route=\/wp\/v2\/pages\/302\/revisions"}],"predecessor-version":[{"id":372,"href":"https:\/\/smepoka.pl\/index.php?rest_route=\/wp\/v2\/pages\/302\/revisions\/372"}],"wp:attachment":[{"href":"https:\/\/smepoka.pl\/index.php?rest_route=%2Fwp%2Fv2%2Fmedia&parent=302"}],"curies":[{"name":"wp","href":"https:\/\/api.w.org\/{rel}","templated":true}]}}