{"id":271,"date":"2022-04-03T15:00:34","date_gmt":"2022-04-03T13:00:34","guid":{"rendered":"http:\/\/smepoka.pl\/?page_id=271"},"modified":"2024-09-10T22:11:23","modified_gmt":"2024-09-10T20:11:23","slug":"walne-zgromadzenie","status":"publish","type":"page","link":"https:\/\/smepoka.pl\/?page_id=271","title":{"rendered":"Walne zgromadzenie"},"content":{"rendered":"<h4>MATERIA\u0141Y NA WALNE ZGROMADZENIE 2024<\/h4>\n<p><a style=\"color: #3366ff;\" href=\"https:\/\/smepoka.pl\/wp-content\/uploads\/2024\/05\/Sprawozdanie-WZ-za-2022.zip\">Sprawozdanie WZ 2023<\/a><\/p>\n<p><a style=\"color: #3366ff;\" href=\"https:\/\/smepoka.pl\/wp-content\/uploads\/2024\/05\/Sprawozdanie-finansowe.zip\">Sprawozdanie Finansowe SM EPOKA za 2023<\/a><\/p>\n<p><a style=\"color: #3366ff;\" href=\"https:\/\/smepoka.pl\/wp-content\/uploads\/2024\/05\/Sprawozdanie-z-dzialalnosciZarzadu-2023.zip\">Sprawozdanie z dzia\u0142alno\u015bci Zarz\u0105du SM EPOKA<\/a><\/p>\n<p><a style=\"color: #3366ff;\" href=\"https:\/\/smepoka.pl\/wp-content\/uploads\/2024\/05\/Sprawozdanie-RN-2023.zip\">Sprawozdanie z dzia\u0142alno\u015bci RN SM EPOKA<\/a><\/p>\n<p><a style=\"color: #3366ff;\" href=\"https:\/\/smepoka.pl\/wp-content\/uploads\/2024\/06\/Plany.zip\">Plan Gospodarczy i Plan Remont\u00f3w 2024 SM EPOKA<\/a><\/p>\n<p><a style=\"color: #3366ff;\" href=\"https:\/\/smepoka.pl\/wp-content\/uploads\/2024\/05\/Uchwaly-WZ2023-projekty.zip\">Projekty Uchwa\u0142 WZ<\/a><\/p>\n<p>\u00a0<\/p>\n<p><b>Pismo do cz\u0142onk\u00f3w sp\u00f3\u0142dzielni w sprawie wniosk\u00f3w Walnego Zgromadzenia z dnia 30 maja 2023.\u00a0<\/b><\/p>\n<p><a href=\"https:\/\/smepoka.pl\/wp-content\/uploads\/2023\/09\/Pismo-do-czlonkow.pdf\"><u style=\"letter-spacing: 0px;\">Pobierz pismo<\/u><\/a><\/p>\n<h4>MATERIA\u0141Y NA WALNE ZGROMADZENIE 2023<\/h4>\n<p><a href=\"https:\/\/smepoka.pl\/wp-content\/uploads\/2023\/05\/WZ-zaiadomienie.pdf\">Zawiadomienie SM &#8220;Epoka&#8221; o Walnym Zgromadzeniu.<\/a>\u00a0Materia\u0142y na Walne Zgromadzenie oraz projekty uchwa\u0142:\u00a0<\/p>\n<ol>\n<li><a href=\"https:\/\/smepoka.pl\/wp-content\/uploads\/2023\/05\/materiay-walne.zip\">Materia\u0142y<\/a><\/li>\n<li><a href=\"https:\/\/smepoka.pl\/wp-content\/uploads\/2023\/05\/uchwaly.zip\">Projekty uchwa\u0142<\/a><\/li>\n<li><a href=\"https:\/\/smepoka.pl\/wp-content\/uploads\/2023\/05\/plany.zip\">Plany<\/a><\/li>\n<\/ol>\n<h4>Materia\u0142y na Walne Zgromadzenie<\/h4>\n<ol>\n<li><a href=\"https:\/\/smepoka.pl\/wp-content\/uploads\/2022\/09\/Sprawozdania-za-rok-2019.zip\">Sprawozdania za rok 2019<\/a><\/li>\n<li><a href=\"https:\/\/smepoka.pl\/wp-content\/uploads\/2022\/09\/Sprawozdania-za-rok-2020.zip\">Sprawozdanie za rok 2020<\/a><\/li>\n<li><a href=\"https:\/\/smepoka.pl\/wp-content\/uploads\/2022\/09\/Sprawozdania-za-rok-2021.zip\">Sprawozdanie za rok 2021<\/a><\/li>\n<li><a href=\"https:\/\/smepoka.pl\/wp-content\/uploads\/2022\/09\/Plan-Gospodarczy.zip\">Plan Gospodarczy<\/a><\/li>\n<li><a href=\"https:\/\/smepoka.pl\/wp-content\/uploads\/2022\/09\/projekty.zip\">Projekty uchwa\u0142 WZ za lata 2019- 2021 ( Do pobrania po uzyskaniu KODU w biurze Sp\u00f3\u0142dzielni)<\/a><\/li>\n<\/ol>\n<p>Je\u017celi wyst\u0119puj\u0105 problemy z otwarciem powy\u017cszych plik\u00f3w prosimy pobra\u0107 zasoby u\u017cywaj\u0105c odno\u015bnik\u00f3w poni\u017cej i wyodr\u0119bni\u0107 pliki programem WinRAR (do pobrania bezp\u0142atnie <a href=\"https:\/\/www.winrar.pl\/winrar\/pobierz\">tutaj<\/a>) &#8211; w przypadku komunikatu w przegl\u0105darce o za\u0142\u0105cznikach z nieznan\u0105 tre\u015bci\u0105 nale\u017cy zaakceptowa\u0107 i kontynuowa\u0107 pobieranie plik\u00f3w:<\/p>\n<ol>\n<li><a href=\"https:\/\/smepoka.pl\/wp-content\/uploads\/2022\/09\/Sprawozdania-za-rok-2019.rar\">Sprawozdania za rok 2019<\/a><\/li>\n<li><a href=\"https:\/\/smepoka.pl\/wp-content\/uploads\/2022\/09\/Sprawozdania-za-rok-2020.rar\">Sprawozdanie za rok 2020<\/a><\/li>\n<li><a href=\"https:\/\/smepoka.pl\/wp-content\/uploads\/2022\/09\/Sprawozdania-za-rok-2021.rar\">Sprawozdanie za rok 2021<\/a><\/li>\n<li><a href=\"https:\/\/smepoka.pl\/wp-content\/uploads\/2022\/09\/Plan-Gospodarczy.rar\">Plan Gospodarczy<\/a><\/li>\n<li><a href=\"https:\/\/smepoka.pl\/wp-content\/uploads\/2022\/09\/Projekty.rar\">Projekty uchwa\u0142 WZ za lata 2019- 2021 ( Do pobrania po uzyskaniu KODU w biurze Sp\u00f3\u0142dzielni)<\/a><\/li>\n<\/ol>\n<p>Walne Zgromadzenie odb\u0119dzie si\u0119 dnia 29\/09\/2022 roku o godzinie 18:30 w Instytucie \u017bywno\u015bci i \u017bywienia przy ulicy Powsi\u0144skiej 61 w Warszawie.<\/p>\n<p><a href=\"https:\/\/smepoka.pl\/wp-content\/uploads\/2022\/09\/Zawiadomienie-o-WZ.pdf\">Pobierz zawiadomienie SM &#8220;Epoka&#8221; o Walnym Zgromadzeniu.<\/a><\/p>\n<p>Materia\u0142y na Walne Zgromadzenie<\/p>\n<p>Pismo do cz\u0142onk\u00f3w sp\u00f3\u0142dzielni w sprawie wniosk\u00f3w Walnego Zgromadzenia z dnia 30 maja 2023. <u>Pobierz pismo<\/u><\/p>\n","protected":false},"excerpt":{"rendered":"<p>MATERIA\u0141Y NA WALNE ZGROMADZENIE 2024 Sprawozdanie WZ 2023 Sprawozdanie Finansowe SM EPOKA za 2023 Sprawozdanie z dzia\u0142alno\u015bci Zarz\u0105du SM EPOKA Sprawozdanie z [&hellip;]<\/p>\n","protected":false},"author":1,"featured_media":0,"parent":0,"menu_order":0,"comment_status":"closed","ping_status":"closed","template":"","meta":{"footnotes":""},"class_list":["post-271","page","type-page","status-publish","hentry"],"_links":{"self":[{"href":"https:\/\/smepoka.pl\/index.php?rest_route=\/wp\/v2\/pages\/271","targetHints":{"allow":["GET"]}}],"collection":[{"href":"https:\/\/smepoka.pl\/index.php?rest_route=\/wp\/v2\/pages"}],"about":[{"href":"https:\/\/smepoka.pl\/index.php?rest_route=\/wp\/v2\/types\/page"}],"author":[{"embeddable":true,"href":"https:\/\/smepoka.pl\/index.php?rest_route=\/wp\/v2\/users\/1"}],"replies":[{"embeddable":true,"href":"https:\/\/smepoka.pl\/index.php?rest_route=%2Fwp%2Fv2%2Fcomments&post=271"}],"version-history":[{"count":64,"href":"https:\/\/smepoka.pl\/index.php?rest_route=\/wp\/v2\/pages\/271\/revisions"}],"predecessor-version":[{"id":963,"href":"https:\/\/smepoka.pl\/index.php?rest_route=\/wp\/v2\/pages\/271\/revisions\/963"}],"wp:attachment":[{"href":"https:\/\/smepoka.pl\/index.php?rest_route=%2Fwp%2Fv2%2Fmedia&parent=271"}],"curies":[{"name":"wp","href":"https:\/\/api.w.org\/{rel}","templated":true}]}}